{"id":563,"date":"2021-12-13T04:15:18","date_gmt":"2021-12-13T04:15:18","guid":{"rendered":"https:\/\/blockart-agency.sites.qsandbox.com\/?page_id=563"},"modified":"2023-01-19T21:13:02","modified_gmt":"2023-01-20T00:13:02","slug":"about","status":"publish","type":"page","link":"https:\/\/blog.wlssistemas.com.br\/index.php\/about\/","title":{"rendered":"QUEM SOMOS"},"content":{"rendered":"\n<div class=\"blockart-section blockart-section-566c8f4b\"><div class=\"blockart-container\"><div class=\"blockart-section-inner\">\n<div class=\"blockart-column blockart-column-9ff6855a\"><div class=\"blockart-column-inner\">\n<p>O ComprAqui \u00e9 uma plataforma de card\u00e1pio digital voltada para empresas do setor de food service. Temos o objetivo de facilitar o recebimento e gest\u00e3o dos pedidos, automatizando esse processo.<\/p>\n\n\n\n<p>Somos do interior de S\u00e3o Paulo, estamos localizados no munic\u00edpio de Cap\u00e3o Bonito, mas hoje o card\u00e1pio do verdinho est\u00e1 presente em todos os estados brasileiros, contribuindo para que estabelecimentos aumentem suas vendas!&nbsp;&nbsp;&nbsp;<\/p>\n\n\n\n<p>Sabendo que estar bem informado \u00e9 fundamental na tomada das melhores decis\u00f5es para o seu neg\u00f3cio, o Blog do ComprAqui foi pensado para trazer dicas e tend\u00eancias do setor, ajudando nossos leitores e parceiros a estarem sempre antenados.<\/p>\n<\/div><\/div>\n<\/div><\/div><\/div>\n\n\n<div class=\"wp-block-image\">\n<figure class=\"aligncenter size-large is-resized\"><img decoding=\"async\" loading=\"lazy\" src=\"https:\/\/blog.wlssistemas.com.br\/wp-content\/uploads\/2023\/01\/imagem-1-1024x213.png\" alt=\"\" class=\"wp-image-15\" width=\"555\" height=\"115\" srcset=\"https:\/\/blog.wlssistemas.com.br\/wp-content\/uploads\/2023\/01\/imagem-1-1024x213.png 1024w, https:\/\/blog.wlssistemas.com.br\/wp-content\/uploads\/2023\/01\/imagem-1-600x125.png 600w, https:\/\/blog.wlssistemas.com.br\/wp-content\/uploads\/2023\/01\/imagem-1-300x63.png 300w, https:\/\/blog.wlssistemas.com.br\/wp-content\/uploads\/2023\/01\/imagem-1-768x160.png 768w, https:\/\/blog.wlssistemas.com.br\/wp-content\/uploads\/2023\/01\/imagem-1-1536x320.png 1536w, https:\/\/blog.wlssistemas.com.br\/wp-content\/uploads\/2023\/01\/imagem-1.png 1920w\" sizes=\"(max-width: 555px) 100vw, 555px\" \/><\/figure><\/div>\n\n\n<p><\/p>\n\n\n\n<p><\/p>\n\n\n\n\n\n<p class=\"blockart-paragraph blockart-paragraph-f6f5fcea\"><strong><mark style=\"background-color:rgba(0, 0, 0, 0)\" class=\"has-inline-color has-dark-gray-color\">Vem com a gente nas outras redes tamb\u00e9m: <\/mark><\/strong><\/p>\n\n\n\n<div class=\"blockart-section blockart-section-d8bb7b25\"><div class=\"blockart-container\"><div class=\"blockart-section-inner\">\n<div class=\"blockart-column blockart-column-e70448c7\"><div class=\"blockart-column-inner\"><\/div><\/div>\n\n\n\n<div class=\"blockart-column blockart-column-716dcbed\"><div class=\"blockart-column-inner\">\n<div class=\"blockart-image blockart-image-41c122c1\"><a href=\"https:\/\/www.youtube.com\/c\/ComprAquiOficial\" target=\"_blank\" rel=\"noopener\"><img decoding=\"async\" loading=\"lazy\" width=\"1080\" height=\"1080\" class=\"wp-image-1159\" src=\"https:\/\/blog.wlssistemas.com.br\/wp-content\/uploads\/2023\/01\/YouTube-1.png\" alt=\"\" srcset=\"https:\/\/blog.wlssistemas.com.br\/wp-content\/uploads\/2023\/01\/YouTube-1.png 1080w, https:\/\/blog.wlssistemas.com.br\/wp-content\/uploads\/2023\/01\/YouTube-1-300x300.png 300w, https:\/\/blog.wlssistemas.com.br\/wp-content\/uploads\/2023\/01\/YouTube-1-1024x1024.png 1024w, https:\/\/blog.wlssistemas.com.br\/wp-content\/uploads\/2023\/01\/YouTube-1-150x150.png 150w, https:\/\/blog.wlssistemas.com.br\/wp-content\/uploads\/2023\/01\/YouTube-1-768x768.png 768w, https:\/\/blog.wlssistemas.com.br\/wp-content\/uploads\/2023\/01\/YouTube-1-400x400.png 400w, https:\/\/blog.wlssistemas.com.br\/wp-content\/uploads\/2023\/01\/YouTube-1-600x600.png 600w, https:\/\/blog.wlssistemas.com.br\/wp-content\/uploads\/2023\/01\/YouTube-1-100x100.png 100w\" sizes=\"(max-width: 1080px) 100vw, 1080px\" \/><\/a><\/div>\n<\/div><\/div>\n\n\n\n<div class=\"blockart-column blockart-column-7fe6faa4\"><div class=\"blockart-column-inner\">\n<div class=\"blockart-image blockart-image-e8b7db51\"><a href=\"https:\/\/site.compraqui.app\/\" target=\"_blank\" rel=\"noopener\"><img decoding=\"async\" loading=\"lazy\" class=\"wp-image-1152\" src=\"https:\/\/blog.wlssistemas.com.br\/wp-content\/uploads\/2023\/01\/site.png\" alt=\"\" height=\"1080\" width=\"1080\" srcset=\"https:\/\/blog.wlssistemas.com.br\/wp-content\/uploads\/2023\/01\/site.png 1080w, https:\/\/blog.wlssistemas.com.br\/wp-content\/uploads\/2023\/01\/site-300x300.png 300w, https:\/\/blog.wlssistemas.com.br\/wp-content\/uploads\/2023\/01\/site-1024x1024.png 1024w, https:\/\/blog.wlssistemas.com.br\/wp-content\/uploads\/2023\/01\/site-150x150.png 150w, https:\/\/blog.wlssistemas.com.br\/wp-content\/uploads\/2023\/01\/site-768x768.png 768w, https:\/\/blog.wlssistemas.com.br\/wp-content\/uploads\/2023\/01\/site-400x400.png 400w, https:\/\/blog.wlssistemas.com.br\/wp-content\/uploads\/2023\/01\/site-600x600.png 600w, https:\/\/blog.wlssistemas.com.br\/wp-content\/uploads\/2023\/01\/site-100x100.png 100w\" sizes=\"(max-width: 1080px) 100vw, 1080px\" \/><\/a><\/div>\n<\/div><\/div>\n\n\n\n<div class=\"blockart-column blockart-column-3ce79db4\"><div class=\"blockart-column-inner\">\n<div class=\"blockart-image blockart-image-8b2e1c55\"><a href=\"https:\/\/www.instagram.com\/compraquioficial\/\" target=\"_blank\" rel=\"noopener\"><img decoding=\"async\" loading=\"lazy\" width=\"1080\" height=\"1080\" class=\"wp-image-1157\" src=\"https:\/\/blog.wlssistemas.com.br\/wp-content\/uploads\/2023\/01\/Instagram2.png\" alt=\"\" srcset=\"https:\/\/blog.wlssistemas.com.br\/wp-content\/uploads\/2023\/01\/Instagram2.png 1080w, https:\/\/blog.wlssistemas.com.br\/wp-content\/uploads\/2023\/01\/Instagram2-300x300.png 300w, https:\/\/blog.wlssistemas.com.br\/wp-content\/uploads\/2023\/01\/Instagram2-1024x1024.png 1024w, https:\/\/blog.wlssistemas.com.br\/wp-content\/uploads\/2023\/01\/Instagram2-150x150.png 150w, https:\/\/blog.wlssistemas.com.br\/wp-content\/uploads\/2023\/01\/Instagram2-768x768.png 768w, https:\/\/blog.wlssistemas.com.br\/wp-content\/uploads\/2023\/01\/Instagram2-400x400.png 400w, https:\/\/blog.wlssistemas.com.br\/wp-content\/uploads\/2023\/01\/Instagram2-600x600.png 600w, https:\/\/blog.wlssistemas.com.br\/wp-content\/uploads\/2023\/01\/Instagram2-100x100.png 100w\" sizes=\"(max-width: 1080px) 100vw, 1080px\" \/><\/a><\/div>\n<\/div><\/div>\n\n\n\n<div class=\"blockart-column blockart-column-b947f356\"><div class=\"blockart-column-inner\">\n<div class=\"blockart-image blockart-image-ef4893ac\"><a href=\"https:\/\/www.facebook.com\/compraquioficial\" target=\"_blank\" rel=\"noopener\"><img decoding=\"async\" loading=\"lazy\" width=\"1080\" height=\"1080\" class=\"wp-image-1158\" src=\"https:\/\/blog.wlssistemas.com.br\/wp-content\/uploads\/2023\/01\/facebook2.png\" alt=\"\" srcset=\"https:\/\/blog.wlssistemas.com.br\/wp-content\/uploads\/2023\/01\/facebook2.png 1080w, https:\/\/blog.wlssistemas.com.br\/wp-content\/uploads\/2023\/01\/facebook2-300x300.png 300w, https:\/\/blog.wlssistemas.com.br\/wp-content\/uploads\/2023\/01\/facebook2-1024x1024.png 1024w, https:\/\/blog.wlssistemas.com.br\/wp-content\/uploads\/2023\/01\/facebook2-150x150.png 150w, https:\/\/blog.wlssistemas.com.br\/wp-content\/uploads\/2023\/01\/facebook2-768x768.png 768w, https:\/\/blog.wlssistemas.com.br\/wp-content\/uploads\/2023\/01\/facebook2-400x400.png 400w, https:\/\/blog.wlssistemas.com.br\/wp-content\/uploads\/2023\/01\/facebook2-600x600.png 600w, https:\/\/blog.wlssistemas.com.br\/wp-content\/uploads\/2023\/01\/facebook2-100x100.png 100w\" sizes=\"(max-width: 1080px) 100vw, 1080px\" \/><\/a><\/div>\n<\/div><\/div>\n\n\n\n<div class=\"blockart-column blockart-column-ce805f44\"><div class=\"blockart-column-inner\"><\/div><\/div>\n<\/div><\/div><\/div>\n","protected":false},"excerpt":{"rendered":"","protected":false},"author":2,"featured_media":0,"parent":0,"menu_order":0,"comment_status":"closed","ping_status":"closed","template":"","meta":[],"_links":{"self":[{"href":"https:\/\/blog.wlssistemas.com.br\/index.php\/wp-json\/wp\/v2\/pages\/563"}],"collection":[{"href":"https:\/\/blog.wlssistemas.com.br\/index.php\/wp-json\/wp\/v2\/pages"}],"about":[{"href":"https:\/\/blog.wlssistemas.com.br\/index.php\/wp-json\/wp\/v2\/types\/page"}],"author":[{"embeddable":true,"href":"https:\/\/blog.wlssistemas.com.br\/index.php\/wp-json\/wp\/v2\/users\/2"}],"replies":[{"embeddable":true,"href":"https:\/\/blog.wlssistemas.com.br\/index.php\/wp-json\/wp\/v2\/comments?post=563"}],"version-history":[{"count":10,"href":"https:\/\/blog.wlssistemas.com.br\/index.php\/wp-json\/wp\/v2\/pages\/563\/revisions"}],"predecessor-version":[{"id":1170,"href":"https:\/\/blog.wlssistemas.com.br\/index.php\/wp-json\/wp\/v2\/pages\/563\/revisions\/1170"}],"wp:attachment":[{"href":"https:\/\/blog.wlssistemas.com.br\/index.php\/wp-json\/wp\/v2\/media?parent=563"}],"curies":[{"name":"wp","href":"https:\/\/api.w.org\/{rel}","templated":true}]}}